{"id":4924,"date":"2019-04-15T15:43:33","date_gmt":"2019-04-15T15:43:33","guid":{"rendered":"http:\/\/tiger-warranty.com\/?page_id=4924"},"modified":"2019-04-16T12:52:29","modified_gmt":"2019-04-16T12:52:29","slug":"faq","status":"publish","type":"page","link":"https:\/\/es.tiger-warranty.com\/index.php\/faq\/","title":{"rendered":"FAQ"},"content":{"rendered":"<p>[vc_row][vc_column]<div class=\"ult-spacer spacer-69e065cf18ee7\" data-id=\"69e065cf18ee7\" data-height=\"90\" data-height-mobile=\"90\" data-height-tab=\"90\" data-height-tab-portrait=\"\" data-height-mobile-landscape=\"\" style=\"clear:both;display:block;\"><\/div>[\/vc_column][vc_column]<div id=\"ultimate-heading-782769e065cf18f65\" class=\"uvc-heading ult-adjust-bottom-margin ultimate-heading-782769e065cf18f65 uvc-7325 \" data-hspacer=\"no_spacer\"  data-halign=\"center\" style=\"text-align:center\"><div class=\"uvc-heading-spacer no_spacer\" style=\"top\"><\/div><div class=\"uvc-main-heading ult-responsive\"  data-ultimate-target='.uvc-heading.ultimate-heading-782769e065cf18f65 h1'  data-responsive-json-new='{\"font-size\":\"desktop:30px;\",\"line-height\":\"\"}' ><h1 style=\"font-family:&#039;Dosis&#039;;font-weight:600;\">TIGERGLASS FAQ<\/h1><\/div><\/div><div class=\"ult-spacer spacer-69e065cf18fbd\" data-id=\"69e065cf18fbd\" data-height=\"80\" data-height-mobile=\"80\" data-height-tab=\"80\" data-height-tab-portrait=\"\" data-height-mobile-landscape=\"\" style=\"clear:both;display:block;\"><\/div>[\/vc_column][vc_column]<div class=\"vlthemes_custom_69e065cf19007   vlt-faq\"><div class=\"vlt-faq__question\"><span class=\"letter\">Q<\/span><h5>\u00bfC\u00f3mo elegir mi cristal protector?<\/h5><\/div><div class=\"vlt-faq__answer\"><span class=\"letter\">A<\/span><div class=\"text\">Elegir bien el cristal protector es esencial para su correcto funcionamiento. Se deben tener en cuenta varios criterios:<br \/>\n- El primero, record\u00e9moslo, es la compatibilidad: escoge un vidrio templado compatible con tu tel\u00e9fono<br \/>\n- DUREZA: elige la dureza de tu cristal; se mide en la escala de Wolff Wilborn, que llega hasta 9H<br \/>\n- FACILIDAD DE COLOCACI\u00d3N: escoge un cristal f\u00e1cil y r\u00e1pido de colocar, gracias a un aplicador espec\u00edfico: bastan unos segundos.<br \/>\n- SENSIBILIDAD: tu cristal debe garantizar una perfecta entrega del gesto t\u00e1ctil. Tiger Glass+ te garantiza una sensibilidad inigualable gracias a una pantalla suave y reactiva.<br \/>\n- ADHERENCIA DURADERA: Por descontado, tu vidrio templado debe durar toda la vida de tu tel\u00e9fono. Tiger Glass+ te ofrece un vidrio \u00fanico en el mercado gracias a su pegamento de alta adherencia por toda la superficie del vidrio. \u00a1Larga duraci\u00f3n garantizada!<br \/>\n- CASE FRIENDLY: Todos nuestros cristales protectores son compatibles con todas las fundas traseras del mercado.<br \/>\n-GARANT\u00cdA: Adem\u00e1s de todos estos compromisos, un vidrio templado debe proteger tu pantalla durante toda su vida \u00fatil. \u00a1Tiger Glass+ te ofrece una garant\u00eda de por vida!<\/div><\/div><\/div><div class=\"ult-spacer spacer-69e065cf19090\" data-id=\"69e065cf19090\" data-height=\"65\" data-height-mobile=\"65\" data-height-tab=\"65\" data-height-tab-portrait=\"\" data-height-mobile-landscape=\"\" style=\"clear:both;display:block;\"><\/div><div class=\"vlthemes_custom_69e065cf190c5   vlt-faq\"><div class=\"vlt-faq__question\"><span class=\"letter\">Q<\/span><h5>\u00bfC\u00f3mo elegir la funda de mi tel\u00e9fono m\u00f3vil?<\/h5><\/div><div class=\"vlt-faq__answer\"><span class=\"letter\">A<\/span><div class=\"text\">Elegir adecuadamente la protecci\u00f3n trasera es fundamental para una \u00f3ptima protecci\u00f3n de tu tel\u00e9fono m\u00f3vil. Se deben tener en cuenta varios criterios:<br \/>\n- A prueba de golpes: tu tel\u00e9fono debe estar protegido de los impactos diarios para funcionar normalmente<br \/>\n- Antica\u00edda: tu tel\u00e9fono debe estar protegido contra ca\u00eddas desde un m\u00ednimo de 2 metros<br \/>\n- Antiara\u00f1azos: exigimos mucho a nuestro tel\u00e9fono, e incluso guardado en el bolso o en el bolsillo est\u00e1 expuesto a los ara\u00f1azos; la funda permite mantener el tel\u00e9fono como nuevo.<\/div><\/div><\/div><div class=\"ult-spacer spacer-69e065cf190f0\" data-id=\"69e065cf190f0\" data-height=\"65\" data-height-mobile=\"65\" data-height-tab=\"65\" data-height-tab-portrait=\"\" data-height-mobile-landscape=\"\" style=\"clear:both;display:block;\"><\/div><div class=\"vlthemes_custom_69e065cf19115   vlt-faq\"><div class=\"vlt-faq__question\"><span class=\"letter\">Q<\/span><h5>\u00bfPor qu\u00e9 es necesario proteger el m\u00f3vil y la pantalla?<\/h5><\/div><div class=\"vlt-faq__answer\"><span class=\"letter\">A<\/span><div class=\"text\">La protecci\u00f3n de pantalla de tu smartphone te permite conservarlo durante mucho tiempo por un precio bajo. Las ca\u00eddas, impactos y ara\u00f1azos est\u00e1n a la orden del d\u00eda para un aparato que nos acompa\u00f1a en nuestra vida diaria: debemos proteger este valioso accesorio y, de esta manera, ahorrar en gastos potenciales de reparaci\u00f3n.<\/div><\/div><\/div><div class=\"ult-spacer spacer-69e065cf19139\" data-id=\"69e065cf19139\" data-height=\"65\" data-height-mobile=\"65\" data-height-tab=\"65\" data-height-tab-portrait=\"\" data-height-mobile-landscape=\"\" style=\"clear:both;display:block;\"><\/div><div class=\"vlthemes_custom_69e065cf1915c   vlt-faq\"><div class=\"vlt-faq__question\"><span class=\"letter\">Q<\/span><h5>\u00bfMe arriesgo a perder sensibilidad en la pantalla t\u00e1ctil?<\/h5><\/div><div class=\"vlt-faq__answer\"><span class=\"letter\">A<\/span><div class=\"text\">Un vidrio templado digno de ese nombre debe entregar una sensibilidad perfecta a tu pantalla: Tiger Glass+ te proporciona una comodidad de uso incomparable para tu smartphone.<\/div><\/div><\/div><div class=\"ult-spacer spacer-69e065cf1917f\" data-id=\"69e065cf1917f\" data-height=\"65\" data-height-mobile=\"65\" data-height-tab=\"65\" data-height-tab-portrait=\"\" data-height-mobile-landscape=\"\" style=\"clear:both;display:block;\"><\/div><div class=\"vlthemes_custom_69e065cf191a1   vlt-faq\"><div class=\"vlt-faq__question\"><span class=\"letter\">Q<\/span><h5>\u00bfQu\u00e9 da\u00f1os cubre la garant\u00eda de por vida Tiger Glass+\/Tiger Case?<\/h5><\/div><div class=\"vlt-faq__answer\"><span class=\"letter\">A<\/span><div class=\"text\">Los da\u00f1os en tu protecci\u00f3n Tiger Glass+\/Tiger Case cubiertos por nuestra garant\u00eda de por vida son: agrietamiento, rotura, desgaste anormal y perforaci\u00f3n. Nos comprometemos a cambiar tu vidrio templado\/funda con un l\u00edmite de un cambio por a\u00f1o.<\/div><\/div><\/div><div class=\"ult-spacer spacer-69e065cf191c3\" data-id=\"69e065cf191c3\" data-height=\"65\" data-height-mobile=\"65\" data-height-tab=\"65\" data-height-tab-portrait=\"\" data-height-mobile-landscape=\"\" style=\"clear:both;display:block;\"><\/div><div class=\"vlthemes_custom_69e065cf191e3   vlt-faq\"><div class=\"vlt-faq__question\"><span class=\"letter\">Q<\/span><h5>\u00bfTiger Class+\/Tiger Case garantiza mi tel\u00e9fono?<\/h5><\/div><div class=\"vlt-faq__answer\"><span class=\"letter\">A<\/span><div class=\"text\">Tiger glass+\/ Tiger Case garantiza \u00fanicamente sus propios productos, tanto el vidrio templado Tiger Glass+ como la funda Tiger Case.<\/div><\/div><\/div><div class=\"ult-spacer spacer-69e065cf19205\" data-id=\"69e065cf19205\" data-height=\"65\" data-height-mobile=\"65\" data-height-tab=\"65\" data-height-tab-portrait=\"\" data-height-mobile-landscape=\"\" style=\"clear:both;display:block;\"><\/div><div class=\"vlthemes_custom_69e065cf19228   vlt-faq\"><div class=\"vlt-faq__question\"><span class=\"letter\">Q<\/span><h5>\u00bfC\u00f3mo beneficiarse de la garant\u00eda de vida de Tiger Glass+\/Tiger Case?<\/h5><\/div><div class=\"vlt-faq__answer\"><span class=\"letter\">A<\/span><div class=\"text\">Para disfrutar de la garant\u00eda de tu producto, no tienes m\u00e1s que crear una cuenta en nuestro sitio web en la secci\u00f3n \"garant\u00eda de por vida\".\nUna vez que hayas creado tu cuenta, deber\u00e1s registrar el producto adquirido y cargar tu prueba de compra escaneada (dentro de los 30 d\u00edas a partir de la compra). A continuaci\u00f3n, en cualquier momento puedes realizar una solicitud de cambio haciendo clic en \"informar de un incidente\". Te indicaremos el procedimiento de devoluci\u00f3n.<\/div><\/div><\/div><div class=\"ult-spacer spacer-69e065cf19252\" data-id=\"69e065cf19252\" data-height=\"65\" data-height-mobile=\"65\" data-height-tab=\"65\" data-height-tab-portrait=\"\" data-height-mobile-landscape=\"\" style=\"clear:both;display:block;\"><\/div><div class=\"vlthemes_custom_69e065cf19270   vlt-faq\"><div class=\"vlt-faq__question\"><span class=\"letter\">Q<\/span><h5>D\u00f3nde contactar con nosotros<\/h5><\/div><div class=\"vlt-faq__answer\"><span class=\"letter\">A<\/span><div class=\"text\">sav@ascendeo.com<\/div><\/div><\/div><div class=\"ult-spacer spacer-69e065cf19291\" data-id=\"69e065cf19291\" data-height=\"65\" data-height-mobile=\"65\" data-height-tab=\"65\" data-height-tab-portrait=\"\" data-height-mobile-landscape=\"\" style=\"clear:both;display:block;\"><\/div>[\/vc_column][vc_column]<div class=\"ult-spacer spacer-69e065cf192b0\" data-id=\"69e065cf192b0\" data-height=\"90\" data-height-mobile=\"90\" data-height-tab=\"90\" data-height-tab-portrait=\"\" data-height-mobile-landscape=\"\" style=\"clear:both;display:block;\"><\/div>[\/vc_column][\/vc_row]<\/p>\n","protected":false},"excerpt":{"rendered":"<p>[vc_row][vc_column][\/vc_column][vc_column][\/vc_column][vc_column][\/vc_column][vc_column][\/vc_column][\/vc_row]<\/p>\n","protected":false},"author":4,"featured_media":0,"parent":0,"menu_order":27,"comment_status":"closed","ping_status":"closed","template":"template-custom-page.php","meta":[],"yoast_head":"<!-- This site is optimized with the Yoast SEO plugin v15.7 - https:\/\/yoast.com\/wordpress\/plugins\/seo\/ -->\n<title>FAQ - TigerGlass<\/title>\n<meta name=\"robots\" content=\"index, follow, max-snippet:-1, max-image-preview:large, max-video-preview:-1\" \/>\n<link rel=\"canonical\" href=\"https:\/\/es.tiger-warranty.com\/index.php\/faq\/\" \/>\n<meta property=\"og:locale\" content=\"es_ES\" \/>\n<meta property=\"og:type\" content=\"article\" \/>\n<meta property=\"og:title\" content=\"FAQ - TigerGlass\" \/>\n<meta property=\"og:description\" content=\"[vc_row][vc_column][\/vc_column][vc_column][\/vc_column][vc_column][\/vc_column][vc_column][\/vc_column][\/vc_row]\" \/>\n<meta property=\"og:url\" content=\"https:\/\/es.tiger-warranty.com\/index.php\/faq\/\" \/>\n<meta property=\"og:site_name\" content=\"TigerGlass\" \/>\n<meta property=\"article:modified_time\" content=\"2019-04-16T12:52:29+00:00\" \/>\n<meta name=\"twitter:card\" content=\"summary_large_image\" \/>\n<meta name=\"twitter:label1\" content=\"Tiempo de lectura\">\n\t<meta name=\"twitter:data1\" content=\"4 minutos\">\n<script type=\"application\/ld+json\" class=\"yoast-schema-graph\">{\"@context\":\"https:\/\/schema.org\",\"@graph\":[{\"@type\":\"WebSite\",\"@id\":\"https:\/\/fr.tiger-warranty.com\/#website\",\"url\":\"https:\/\/fr.tiger-warranty.com\/\",\"name\":\"TigerGlass\",\"description\":\"The reference brand of your smartphone  accessories\",\"potentialAction\":[{\"@type\":\"SearchAction\",\"target\":\"https:\/\/fr.tiger-warranty.com\/?s={search_term_string}\",\"query-input\":\"required name=search_term_string\"}],\"inLanguage\":\"es\"},{\"@type\":\"WebPage\",\"@id\":\"https:\/\/es.tiger-warranty.com\/index.php\/faq\/#webpage\",\"url\":\"https:\/\/es.tiger-warranty.com\/index.php\/faq\/\",\"name\":\"FAQ - TigerGlass\",\"isPartOf\":{\"@id\":\"https:\/\/fr.tiger-warranty.com\/#website\"},\"datePublished\":\"2019-04-15T15:43:33+00:00\",\"dateModified\":\"2019-04-16T12:52:29+00:00\",\"inLanguage\":\"es\",\"potentialAction\":[{\"@type\":\"ReadAction\",\"target\":[\"https:\/\/es.tiger-warranty.com\/index.php\/faq\/\"]}]}]}<\/script>\n<!-- \/ Yoast SEO plugin. -->","_links":{"self":[{"href":"https:\/\/es.tiger-warranty.com\/index.php\/wp-json\/wp\/v2\/pages\/4924"}],"collection":[{"href":"https:\/\/es.tiger-warranty.com\/index.php\/wp-json\/wp\/v2\/pages"}],"about":[{"href":"https:\/\/es.tiger-warranty.com\/index.php\/wp-json\/wp\/v2\/types\/page"}],"author":[{"embeddable":true,"href":"https:\/\/es.tiger-warranty.com\/index.php\/wp-json\/wp\/v2\/users\/4"}],"replies":[{"embeddable":true,"href":"https:\/\/es.tiger-warranty.com\/index.php\/wp-json\/wp\/v2\/comments?post=4924"}],"version-history":[{"count":3,"href":"https:\/\/es.tiger-warranty.com\/index.php\/wp-json\/wp\/v2\/pages\/4924\/revisions"}],"predecessor-version":[{"id":4951,"href":"https:\/\/es.tiger-warranty.com\/index.php\/wp-json\/wp\/v2\/pages\/4924\/revisions\/4951"}],"wp:attachment":[{"href":"https:\/\/es.tiger-warranty.com\/index.php\/wp-json\/wp\/v2\/media?parent=4924"}],"curies":[{"name":"wp","href":"https:\/\/api.w.org\/{rel}","templated":true}]}}